{"id":1803,"date":"2023-07-06T18:38:39","date_gmt":"2023-07-06T15:38:39","guid":{"rendered":"https:\/\/danceteamroyal.com\/?page_id=1803"},"modified":"2023-10-06T15:43:21","modified_gmt":"2023-10-06T12:43:21","slug":"pulmatants","status":"publish","type":"page","link":"https:\/\/danceteamroyal.com\/index.php\/pulmatants\/","title":{"rendered":"Pulmatants"},"content":{"rendered":"\t\t<div data-elementor-type=\"wp-page\" data-elementor-id=\"1803\" class=\"elementor elementor-1803\">\n\t\t\t\t\t\t\t<div class=\"elementor-element elementor-element-a2f15c2 e-flex e-con-boxed e-con\" data-id=\"a2f15c2\" data-element_type=\"container\" data-settings=\"{&quot;background_background&quot;:&quot;classic&quot;,&quot;content_width&quot;:&quot;boxed&quot;}\">\n\t\t\t\t\t<div class=\"e-con-inner\">\n\t\t<div class=\"elementor-element elementor-element-5dfbea1a e-con-full e-flex e-con\" data-id=\"5dfbea1a\" data-element_type=\"container\" data-settings=\"{&quot;content_width&quot;:&quot;full&quot;}\">\n\t\t\t\t<div class=\"elementor-element elementor-element-7d6797cb elementor-widget elementor-widget-image\" data-id=\"7d6797cb\" data-element_type=\"widget\" data-widget_type=\"image.default\">\n\t\t\t\t<div class=\"elementor-widget-container\">\n\t\t\t<style>\/*! elementor - v3.14.0 - 26-06-2023 *\/\n.elementor-widget-image{text-align:center}.elementor-widget-image a{display:inline-block}.elementor-widget-image a img[src$=\".svg\"]{width:48px}.elementor-widget-image img{vertical-align:middle;display:inline-block}<\/style>\t\t\t\t\t\t\t\t\t\t\t\t<img loading=\"lazy\" decoding=\"async\" width=\"1707\" height=\"2560\" src=\"https:\/\/danceteamroyal.com\/wp-content\/uploads\/2023\/08\/364375949_643560267741850_6405490071331168781_n-scaled.jpg\" class=\"attachment-full size-full wp-image-2069\" alt=\"\" srcset=\"https:\/\/danceteamroyal.com\/wp-content\/uploads\/2023\/08\/364375949_643560267741850_6405490071331168781_n-scaled.jpg 1707w, https:\/\/danceteamroyal.com\/wp-content\/uploads\/2023\/08\/364375949_643560267741850_6405490071331168781_n-200x300.jpg 200w, https:\/\/danceteamroyal.com\/wp-content\/uploads\/2023\/08\/364375949_643560267741850_6405490071331168781_n-683x1024.jpg 683w, https:\/\/danceteamroyal.com\/wp-content\/uploads\/2023\/08\/364375949_643560267741850_6405490071331168781_n-768x1152.jpg 768w, https:\/\/danceteamroyal.com\/wp-content\/uploads\/2023\/08\/364375949_643560267741850_6405490071331168781_n-1024x1536.jpg 1024w, https:\/\/danceteamroyal.com\/wp-content\/uploads\/2023\/08\/364375949_643560267741850_6405490071331168781_n-1365x2048.jpg 1365w\" sizes=\"auto, (max-width: 1707px) 100vw, 1707px\" \/>\t\t\t\t\t\t\t\t\t\t\t\t\t\t\t<\/div>\n\t\t\t\t<\/div>\n\t\t\t\t<\/div>\n\t\t<div class=\"elementor-element elementor-element-3da0e6f6 e-con-full e-flex e-con\" data-id=\"3da0e6f6\" data-element_type=\"container\" data-settings=\"{&quot;content_width&quot;:&quot;full&quot;}\">\n\t\t<div class=\"elementor-element elementor-element-df7c7c3 e-con-full e-flex e-con\" data-id=\"df7c7c3\" data-element_type=\"container\" data-settings=\"{&quot;content_width&quot;:&quot;full&quot;}\">\n\t\t\t\t<div class=\"elementor-element elementor-element-31e4c76 elementor-widget elementor-widget-heading\" data-id=\"31e4c76\" data-element_type=\"widget\" data-widget_type=\"heading.default\">\n\t\t\t\t<div class=\"elementor-widget-container\">\n\t\t\t<style>\/*! elementor - v3.14.0 - 26-06-2023 *\/\n.elementor-heading-title{padding:0;margin:0;line-height:1}.elementor-widget-heading .elementor-heading-title[class*=elementor-size-]>a{color:inherit;font-size:inherit;line-height:inherit}.elementor-widget-heading .elementor-heading-title.elementor-size-small{font-size:15px}.elementor-widget-heading .elementor-heading-title.elementor-size-medium{font-size:19px}.elementor-widget-heading .elementor-heading-title.elementor-size-large{font-size:29px}.elementor-widget-heading .elementor-heading-title.elementor-size-xl{font-size:39px}.elementor-widget-heading .elementor-heading-title.elementor-size-xxl{font-size:59px}<\/style><h1 class=\"elementor-heading-title elementor-size-default\">Pulmatants<\/h1>\t\t<\/div>\n\t\t\t\t<\/div>\n\t\t\t\t<div class=\"elementor-element elementor-element-4e45d94 elementor-widget elementor-widget-text-editor\" data-id=\"4e45d94\" data-element_type=\"widget\" data-widget_type=\"text-editor.default\">\n\t\t\t\t<div class=\"elementor-widget-container\">\n\t\t\t<style>\/*! elementor - v3.14.0 - 26-06-2023 *\/\n.elementor-widget-text-editor.elementor-drop-cap-view-stacked .elementor-drop-cap{background-color:#69727d;color:#fff}.elementor-widget-text-editor.elementor-drop-cap-view-framed .elementor-drop-cap{color:#69727d;border:3px solid;background-color:transparent}.elementor-widget-text-editor:not(.elementor-drop-cap-view-default) .elementor-drop-cap{margin-top:8px}.elementor-widget-text-editor:not(.elementor-drop-cap-view-default) .elementor-drop-cap-letter{width:1em;height:1em}.elementor-widget-text-editor .elementor-drop-cap{float:left;text-align:center;line-height:1;font-size:50px}.elementor-widget-text-editor .elementor-drop-cap-letter{display:inline-block}<\/style>\t\t\t\t<p>Tants ja kaunis muusika on olnud alati osa pulmadest. Oleme p\u00fchendunud tantsu\u00f5petamisele ning aitame sul kauni ja positiivse m\u00e4lestuse j\u00e4tta oma esimesest pulmatantsust. Oleme keskendunud tantsur\u00f5\u00f5mu toomisele ja selle viljelemisele Rae vallas, anname pulmatantsu tunde J\u00fcris. Meieni on j\u00f5udnud k\u00fcmneid pruutpaare, kes on selgeks \u00f5ppinud pulmap\u00e4evaks elegantse ja lummava tantsuesituse. Meie juures on avatantsu v\u00f5imalik \u00f5ppida pruutpaaril individuaaltunnis v\u00f5i kaasates terve perekonna grupitundi.<\/p>\t\t\t\t\t\t<\/div>\n\t\t\t\t<\/div>\n\t\t\t\t<\/div>\n\t\t<div class=\"elementor-element elementor-element-1cae930 e-con-full e-flex e-con\" data-id=\"1cae930\" data-element_type=\"container\" data-settings=\"{&quot;content_width&quot;:&quot;full&quot;}\">\n\t\t\t\t<div class=\"elementor-element elementor-element-6045b4b elementor-widget elementor-widget-text-editor\" data-id=\"6045b4b\" data-element_type=\"widget\" data-widget_type=\"text-editor.default\">\n\t\t\t\t<div class=\"elementor-widget-container\">\n\t\t\t\t\t\t\t<p>Vaata <a href=\"https:\/\/www.youtube.com\/watch?v=Sn0fItYgrwM&amp;t=74s\">videot<\/a> meie juures \u00f5pitud pulmatantsust.<\/p>\t\t\t\t\t\t<\/div>\n\t\t\t\t<\/div>\n\t\t\t\t<div class=\"elementor-element elementor-element-2d9d2e9 elementor-button-warning elementor-widget elementor-widget-button\" data-id=\"2d9d2e9\" data-element_type=\"widget\" data-widget_type=\"button.default\">\n\t\t\t\t<div class=\"elementor-widget-container\">\n\t\t\t\t\t<div class=\"elementor-button-wrapper\">\n\t\t\t<a class=\"elementor-button elementor-button-link elementor-size-sm\" href=\"https:\/\/danceteamroyal.com\/index.php\/kontakt\/\">\n\t\t\t\t\t\t<span class=\"elementor-button-content-wrapper\">\n\t\t\t\t\t\t<span class=\"elementor-button-text\">V\u00f5ta \u00fchendust<\/span>\n\t\t<\/span>\n\t\t\t\t\t<\/a>\n\t\t<\/div>\n\t\t\t\t<\/div>\n\t\t\t\t<\/div>\n\t\t\t\t<\/div>\n\t\t\t\t<\/div>\n\t\t\t\t\t<\/div>\n\t\t\t\t<\/div>\n\t\t\t\t\t\t\t<\/div>\n\t\t","protected":false},"excerpt":{"rendered":"<p>Pulmatants Tants ja kaunis muusika on olnud alati osa pulmadest. Oleme p\u00fchendunud tantsu\u00f5petamisele ning aitame sul kauni ja positiivse m\u00e4lestuse j\u00e4tta oma esimesest pulmatantsust. Oleme keskendunud tantsur\u00f5\u00f5mu toomisele ja selle viljelemisele Rae vallas, anname pulmatantsu tunde J\u00fcris. Meieni on j\u00f5udnud k\u00fcmneid pruutpaare, kes on selgeks \u00f5ppinud pulmap\u00e4evaks elegantse ja lummava tantsuesituse. Meie juures on avatantsu &hellip;<\/p>\n<p class=\"read-more\"> <a class=\"\" href=\"https:\/\/danceteamroyal.com\/index.php\/pulmatants\/\"> <span class=\"screen-reader-text\">Pulmatants<\/span> Read More &raquo;<\/a><\/p>\n","protected":false},"author":2,"featured_media":0,"parent":0,"menu_order":0,"comment_status":"closed","ping_status":"closed","template":"","meta":{"site-sidebar-layout":"no-sidebar","site-content-layout":"page-builder","ast-global-header-display":"","ast-banner-title-visibility":"","ast-main-header-display":"","ast-hfb-above-header-display":"","ast-hfb-below-header-display":"","ast-hfb-mobile-header-display":"","site-post-title":"disabled","ast-breadcrumbs-content":"","ast-featured-img":"disabled","footer-sml-layout":"","theme-transparent-header-meta":"enabled","adv-header-id-meta":"","stick-header-meta":"","header-above-stick-meta":"","header-main-stick-meta":"","header-below-stick-meta":"","footnotes":""},"class_list":["post-1803","page","type-page","status-publish","hentry"],"_links":{"self":[{"href":"https:\/\/danceteamroyal.com\/index.php\/wp-json\/wp\/v2\/pages\/1803","targetHints":{"allow":["GET"]}}],"collection":[{"href":"https:\/\/danceteamroyal.com\/index.php\/wp-json\/wp\/v2\/pages"}],"about":[{"href":"https:\/\/danceteamroyal.com\/index.php\/wp-json\/wp\/v2\/types\/page"}],"author":[{"embeddable":true,"href":"https:\/\/danceteamroyal.com\/index.php\/wp-json\/wp\/v2\/users\/2"}],"replies":[{"embeddable":true,"href":"https:\/\/danceteamroyal.com\/index.php\/wp-json\/wp\/v2\/comments?post=1803"}],"version-history":[{"count":22,"href":"https:\/\/danceteamroyal.com\/index.php\/wp-json\/wp\/v2\/pages\/1803\/revisions"}],"predecessor-version":[{"id":2236,"href":"https:\/\/danceteamroyal.com\/index.php\/wp-json\/wp\/v2\/pages\/1803\/revisions\/2236"}],"wp:attachment":[{"href":"https:\/\/danceteamroyal.com\/index.php\/wp-json\/wp\/v2\/media?parent=1803"}],"curies":[{"name":"wp","href":"https:\/\/api.w.org\/{rel}","templated":true}]}}