{"id":1794,"date":"2023-07-06T18:31:17","date_gmt":"2023-07-06T15:31:17","guid":{"rendered":"https:\/\/danceteamroyal.com\/?page_id=1794"},"modified":"2025-04-07T23:00:12","modified_gmt":"2025-04-07T20:00:12","slug":"voistlustants","status":"publish","type":"page","link":"https:\/\/danceteamroyal.com\/index.php\/voistlustants\/","title":{"rendered":"V\u00f5istlustants"},"content":{"rendered":"\t\t<div data-elementor-type=\"wp-page\" data-elementor-id=\"1794\" class=\"elementor elementor-1794\">\n\t\t\t\t\t\t\t<div class=\"elementor-element elementor-element-a2f15c2 e-flex e-con-boxed e-con\" data-id=\"a2f15c2\" data-element_type=\"container\" data-settings=\"{&quot;background_background&quot;:&quot;classic&quot;,&quot;content_width&quot;:&quot;boxed&quot;}\">\n\t\t\t\t\t<div class=\"e-con-inner\">\n\t\t<div class=\"elementor-element elementor-element-5dfbea1a e-con-full e-flex e-con\" data-id=\"5dfbea1a\" data-element_type=\"container\" data-settings=\"{&quot;content_width&quot;:&quot;full&quot;}\">\n\t\t\t\t<div class=\"elementor-element elementor-element-7d6797cb elementor-widget elementor-widget-image\" data-id=\"7d6797cb\" data-element_type=\"widget\" data-widget_type=\"image.default\">\n\t\t\t\t<div class=\"elementor-widget-container\">\n\t\t\t<style>\/*! elementor - v3.14.0 - 26-06-2023 *\/\n.elementor-widget-image{text-align:center}.elementor-widget-image a{display:inline-block}.elementor-widget-image a img[src$=\".svg\"]{width:48px}.elementor-widget-image img{vertical-align:middle;display:inline-block}<\/style>\t\t\t\t\t\t\t\t\t\t\t\t<img loading=\"lazy\" decoding=\"async\" width=\"1440\" height=\"942\" src=\"https:\/\/danceteamroyal.com\/wp-content\/uploads\/2023\/08\/333889235_6307365032629743_6895395144703072968_n.jpg\" class=\"attachment-full size-full wp-image-2081\" alt=\"\" srcset=\"https:\/\/danceteamroyal.com\/wp-content\/uploads\/2023\/08\/333889235_6307365032629743_6895395144703072968_n.jpg 1440w, https:\/\/danceteamroyal.com\/wp-content\/uploads\/2023\/08\/333889235_6307365032629743_6895395144703072968_n-300x196.jpg 300w, https:\/\/danceteamroyal.com\/wp-content\/uploads\/2023\/08\/333889235_6307365032629743_6895395144703072968_n-1024x670.jpg 1024w, https:\/\/danceteamroyal.com\/wp-content\/uploads\/2023\/08\/333889235_6307365032629743_6895395144703072968_n-768x502.jpg 768w\" sizes=\"auto, (max-width: 1440px) 100vw, 1440px\" \/>\t\t\t\t\t\t\t\t\t\t\t\t\t\t\t<\/div>\n\t\t\t\t<\/div>\n\t\t\t\t<\/div>\n\t\t<div class=\"elementor-element elementor-element-3da0e6f6 e-con-full e-flex e-con\" data-id=\"3da0e6f6\" data-element_type=\"container\" data-settings=\"{&quot;content_width&quot;:&quot;full&quot;}\">\n\t\t\t\t<div class=\"elementor-element elementor-element-576762fa elementor-widget elementor-widget-heading\" data-id=\"576762fa\" data-element_type=\"widget\" data-widget_type=\"heading.default\">\n\t\t\t\t<div class=\"elementor-widget-container\">\n\t\t\t<style>\/*! elementor - v3.14.0 - 26-06-2023 *\/\n.elementor-heading-title{padding:0;margin:0;line-height:1}.elementor-widget-heading .elementor-heading-title[class*=elementor-size-]>a{color:inherit;font-size:inherit;line-height:inherit}.elementor-widget-heading .elementor-heading-title.elementor-size-small{font-size:15px}.elementor-widget-heading .elementor-heading-title.elementor-size-medium{font-size:19px}.elementor-widget-heading .elementor-heading-title.elementor-size-large{font-size:29px}.elementor-widget-heading .elementor-heading-title.elementor-size-xl{font-size:39px}.elementor-widget-heading .elementor-heading-title.elementor-size-xxl{font-size:59px}<\/style><h1 class=\"elementor-heading-title elementor-size-default\">V\u00f5istlustants<\/h1>\t\t<\/div>\n\t\t\t\t<\/div>\n\t\t\t\t<div class=\"elementor-element elementor-element-7581d33b elementor-widget elementor-widget-text-editor\" data-id=\"7581d33b\" data-element_type=\"widget\" data-widget_type=\"text-editor.default\">\n\t\t\t\t<div class=\"elementor-widget-container\">\n\t\t\t<style>\/*! elementor - v3.14.0 - 26-06-2023 *\/\n.elementor-widget-text-editor.elementor-drop-cap-view-stacked .elementor-drop-cap{background-color:#69727d;color:#fff}.elementor-widget-text-editor.elementor-drop-cap-view-framed .elementor-drop-cap{color:#69727d;border:3px solid;background-color:transparent}.elementor-widget-text-editor:not(.elementor-drop-cap-view-default) .elementor-drop-cap{margin-top:8px}.elementor-widget-text-editor:not(.elementor-drop-cap-view-default) .elementor-drop-cap-letter{width:1em;height:1em}.elementor-widget-text-editor .elementor-drop-cap{float:left;text-align:center;line-height:1;font-size:50px}.elementor-widget-text-editor .elementor-drop-cap-letter{display:inline-block}<\/style>\t\t\t\t<p>Sobib ambitsioonikatele tantsijatele, kes soovivad end proovile panna v\u00f5istlustel. V\u00f5istelda saab nii paarilisega kui ka \u00fcksinda.<br \/>V\u00f5istlema hakatakse 5ndast eluaastast. Eriti tublide tantsijate korral v\u00f5isteldakse ka seeniorite vanusegrupis (alates 35.a.).<br \/>Tantsuspordi programmi p\u00f5hieesm\u00e4rgiks on standard- ja ladina-ameerika tantsude tehnilise spetsiifika arendamine. Lisaks t\u00e4iendame teadmisi spordips\u00fchholoogia, enesev\u00e4ljenduse, anal\u00fc\u00fcsiv\u00f5ime ja tiimit\u00f6\u00f6 vallas. Tavaliselt alustatakse tantsu \u00f5petamist v\u00e4ga lihtsatest p\u00f5hisammudest ja tantsudest. Aja jooksu \u00f5pitakse tantse juurde ja koreograafiad l\u00e4hevad aina keerulisemaks. Nii r\u00fctmi kui ka sammude ja figuuride poolest. Nii paraneb koordinatsioon ja r\u00fctmitunnetus ning trennis ei hakka kunagi igav!<\/p>\t\t\t\t\t\t<\/div>\n\t\t\t\t<\/div>\n\t\t\t\t<\/div>\n\t\t\t\t\t<\/div>\n\t\t\t\t<\/div>\n\t\t<div class=\"elementor-element elementor-element-64483d57 e-flex e-con-boxed e-con\" data-id=\"64483d57\" data-element_type=\"container\" data-settings=\"{&quot;background_background&quot;:&quot;classic&quot;,&quot;content_width&quot;:&quot;boxed&quot;}\">\n\t\t\t\t\t<div class=\"e-con-inner\">\n\t\t<div class=\"elementor-element elementor-element-624c87dc e-con-full e-flex e-con\" data-id=\"624c87dc\" data-element_type=\"container\" data-settings=\"{&quot;content_width&quot;:&quot;full&quot;}\">\n\t\t\t\t<div class=\"elementor-element elementor-element-19a168c9 elementor-widget elementor-widget-heading\" data-id=\"19a168c9\" data-element_type=\"widget\" data-widget_type=\"heading.default\">\n\t\t\t\t<div class=\"elementor-widget-container\">\n\t\t\t<h1 class=\"elementor-heading-title elementor-size-default\">Tantsimiseks valmis?<\/h1>\t\t<\/div>\n\t\t\t\t<\/div>\n\t\t\t\t<div class=\"elementor-element elementor-element-1d7dc4a5 elementor-widget elementor-widget-heading\" data-id=\"1d7dc4a5\" data-element_type=\"widget\" data-widget_type=\"heading.default\">\n\t\t\t\t<div class=\"elementor-widget-container\">\n\t\t\t<p class=\"elementor-heading-title elementor-size-default\">Oled algaja v\u00f5i kogenud tantsija - meie tantsuklubist leiad endale sobiva tantsugrupi\n\n<\/p>\t\t<\/div>\n\t\t\t\t<\/div>\n\t\t\t\t<div class=\"elementor-element elementor-element-5a0f7ed7 elementor-align-center elementor-widget elementor-widget-button\" data-id=\"5a0f7ed7\" data-element_type=\"widget\" data-widget_type=\"button.default\">\n\t\t\t\t<div class=\"elementor-widget-container\">\n\t\t\t\t\t<div class=\"elementor-button-wrapper\">\n\t\t\t<a class=\"elementor-button elementor-button-link elementor-size-sm\" href=\"https:\/\/danceteamroyal.com\/index.php\/kontakt\/\">\n\t\t\t\t\t\t<span class=\"elementor-button-content-wrapper\">\n\t\t\t\t\t\t<span class=\"elementor-button-text\">Liitu kohe<\/span>\n\t\t<\/span>\n\t\t\t\t\t<\/a>\n\t\t<\/div>\n\t\t\t\t<\/div>\n\t\t\t\t<\/div>\n\t\t\t\t<\/div>\n\t\t\t\t\t<\/div>\n\t\t\t\t<\/div>\n\t\t\t\t\t\t\t<\/div>\n\t\t","protected":false},"excerpt":{"rendered":"<p>V\u00f5istlustants Sobib ambitsioonikatele tantsijatele, kes soovivad end proovile panna v\u00f5istlustel. V\u00f5istelda saab nii paarilisega kui ka \u00fcksinda.V\u00f5istlema hakatakse 5ndast eluaastast. Eriti tublide tantsijate korral v\u00f5isteldakse ka seeniorite vanusegrupis (alates 35.a.).Tantsuspordi programmi p\u00f5hieesm\u00e4rgiks on standard- ja ladina-ameerika tantsude tehnilise spetsiifika arendamine. Lisaks t\u00e4iendame teadmisi spordips\u00fchholoogia, enesev\u00e4ljenduse, anal\u00fc\u00fcsiv\u00f5ime ja tiimit\u00f6\u00f6 vallas. Tavaliselt alustatakse tantsu \u00f5petamist v\u00e4ga lihtsatest &hellip;<\/p>\n<p class=\"read-more\"> <a class=\"\" href=\"https:\/\/danceteamroyal.com\/index.php\/voistlustants\/\"> <span class=\"screen-reader-text\">V\u00f5istlustants<\/span> Read More &raquo;<\/a><\/p>\n","protected":false},"author":2,"featured_media":0,"parent":0,"menu_order":0,"comment_status":"closed","ping_status":"closed","template":"","meta":{"site-sidebar-layout":"no-sidebar","site-content-layout":"page-builder","ast-global-header-display":"","ast-banner-title-visibility":"","ast-main-header-display":"","ast-hfb-above-header-display":"","ast-hfb-below-header-display":"","ast-hfb-mobile-header-display":"","site-post-title":"disabled","ast-breadcrumbs-content":"","ast-featured-img":"disabled","footer-sml-layout":"","theme-transparent-header-meta":"enabled","adv-header-id-meta":"","stick-header-meta":"","header-above-stick-meta":"","header-main-stick-meta":"","header-below-stick-meta":"","footnotes":""},"class_list":["post-1794","page","type-page","status-publish","hentry"],"_links":{"self":[{"href":"https:\/\/danceteamroyal.com\/index.php\/wp-json\/wp\/v2\/pages\/1794","targetHints":{"allow":["GET"]}}],"collection":[{"href":"https:\/\/danceteamroyal.com\/index.php\/wp-json\/wp\/v2\/pages"}],"about":[{"href":"https:\/\/danceteamroyal.com\/index.php\/wp-json\/wp\/v2\/types\/page"}],"author":[{"embeddable":true,"href":"https:\/\/danceteamroyal.com\/index.php\/wp-json\/wp\/v2\/users\/2"}],"replies":[{"embeddable":true,"href":"https:\/\/danceteamroyal.com\/index.php\/wp-json\/wp\/v2\/comments?post=1794"}],"version-history":[{"count":19,"href":"https:\/\/danceteamroyal.com\/index.php\/wp-json\/wp\/v2\/pages\/1794\/revisions"}],"predecessor-version":[{"id":2543,"href":"https:\/\/danceteamroyal.com\/index.php\/wp-json\/wp\/v2\/pages\/1794\/revisions\/2543"}],"wp:attachment":[{"href":"https:\/\/danceteamroyal.com\/index.php\/wp-json\/wp\/v2\/media?parent=1794"}],"curies":[{"name":"wp","href":"https:\/\/api.w.org\/{rel}","templated":true}]}}