{"id":1776,"date":"2023-07-06T18:22:58","date_gmt":"2023-07-06T15:22:58","guid":{"rendered":"https:\/\/danceteamroyal.com\/?page_id=1776"},"modified":"2025-04-07T22:56:58","modified_gmt":"2025-04-07T19:56:58","slug":"anabel-couture","status":"publish","type":"page","link":"https:\/\/danceteamroyal.com\/index.php\/anabel-couture\/","title":{"rendered":"Anabel Couture"},"content":{"rendered":"\t\t<div data-elementor-type=\"wp-page\" data-elementor-id=\"1776\" class=\"elementor elementor-1776\">\n\t\t\t\t\t\t\t<div class=\"elementor-element elementor-element-9f55047 e-flex e-con-boxed e-con\" data-id=\"9f55047\" data-element_type=\"container\" data-settings=\"{&quot;content_width&quot;:&quot;boxed&quot;}\">\n\t\t\t\t\t<div class=\"e-con-inner\">\n\t\t\t\t<div class=\"elementor-element elementor-element-2836634 elementor-widget elementor-widget-heading\" data-id=\"2836634\" data-element_type=\"widget\" data-widget_type=\"heading.default\">\n\t\t\t\t<div class=\"elementor-widget-container\">\n\t\t\t<style>\/*! elementor - v3.14.0 - 26-06-2023 *\/\n.elementor-heading-title{padding:0;margin:0;line-height:1}.elementor-widget-heading .elementor-heading-title[class*=elementor-size-]>a{color:inherit;font-size:inherit;line-height:inherit}.elementor-widget-heading .elementor-heading-title.elementor-size-small{font-size:15px}.elementor-widget-heading .elementor-heading-title.elementor-size-medium{font-size:19px}.elementor-widget-heading .elementor-heading-title.elementor-size-large{font-size:29px}.elementor-widget-heading .elementor-heading-title.elementor-size-xl{font-size:39px}.elementor-widget-heading .elementor-heading-title.elementor-size-xxl{font-size:59px}<\/style><h2 class=\"elementor-heading-title elementor-size-default\">Tehtud t\u00f6\u00f6d<\/h2>\t\t<\/div>\n\t\t\t\t<\/div>\n\t\t\t\t\t<\/div>\n\t\t\t\t<\/div>\n\t\t<div class=\"elementor-element elementor-element-a2f15c2 e-flex e-con-boxed e-con\" data-id=\"a2f15c2\" data-element_type=\"container\" data-settings=\"{&quot;background_background&quot;:&quot;classic&quot;,&quot;content_width&quot;:&quot;boxed&quot;}\">\n\t\t\t\t\t<div class=\"e-con-inner\">\n\t\t<div class=\"elementor-element elementor-element-83ff391 e-con-full e-flex e-con\" data-id=\"83ff391\" data-element_type=\"container\" data-settings=\"{&quot;content_width&quot;:&quot;full&quot;}\">\n\t\t\t\t<div class=\"elementor-element elementor-element-63ae8b6 elementor-widget elementor-widget-image\" data-id=\"63ae8b6\" data-element_type=\"widget\" data-widget_type=\"image.default\">\n\t\t\t\t<div class=\"elementor-widget-container\">\n\t\t\t<style>\/*! elementor - v3.14.0 - 26-06-2023 *\/\n.elementor-widget-image{text-align:center}.elementor-widget-image a{display:inline-block}.elementor-widget-image a img[src$=\".svg\"]{width:48px}.elementor-widget-image img{vertical-align:middle;display:inline-block}<\/style>\t\t\t\t\t\t\t\t\t\t\t\t\t<a href=\"https:\/\/danceteamroyal.com\/wp-content\/uploads\/2023\/07\/DSC_1297-min-scaled.jpg\" data-elementor-open-lightbox=\"yes\" data-elementor-lightbox-title=\"DSC_1297-min\" data-e-action-hash=\"#elementor-action%3Aaction%3Dlightbox%26settings%3DeyJpZCI6MTgzNSwidXJsIjoiaHR0cHM6XC9cL2RhbmNldGVhbXJveWFsLmNvbVwvd3AtY29udGVudFwvdXBsb2Fkc1wvMjAyM1wvMDdcL0RTQ18xMjk3LW1pbi1zY2FsZWQuanBnIn0%3D\">\n\t\t\t\t\t\t\t<img loading=\"lazy\" decoding=\"async\" width=\"200\" height=\"300\" src=\"https:\/\/danceteamroyal.com\/wp-content\/uploads\/2023\/07\/DSC_1297-min-200x300.jpg\" class=\"attachment-medium size-medium wp-image-1835\" alt=\"\" srcset=\"https:\/\/danceteamroyal.com\/wp-content\/uploads\/2023\/07\/DSC_1297-min-200x300.jpg 200w, https:\/\/danceteamroyal.com\/wp-content\/uploads\/2023\/07\/DSC_1297-min-681x1024.jpg 681w, https:\/\/danceteamroyal.com\/wp-content\/uploads\/2023\/07\/DSC_1297-min-768x1154.jpg 768w, https:\/\/danceteamroyal.com\/wp-content\/uploads\/2023\/07\/DSC_1297-min-1022x1536.jpg 1022w, https:\/\/danceteamroyal.com\/wp-content\/uploads\/2023\/07\/DSC_1297-min-1363x2048.jpg 1363w, https:\/\/danceteamroyal.com\/wp-content\/uploads\/2023\/07\/DSC_1297-min-scaled.jpg 1703w\" sizes=\"auto, (max-width: 200px) 100vw, 200px\" \/>\t\t\t\t\t\t\t\t<\/a>\n\t\t\t\t\t\t\t\t\t\t\t\t\t\t\t<\/div>\n\t\t\t\t<\/div>\n\t\t\t\t<div class=\"elementor-element elementor-element-00c923c elementor-widget elementor-widget-image\" data-id=\"00c923c\" data-element_type=\"widget\" data-widget_type=\"image.default\">\n\t\t\t\t<div class=\"elementor-widget-container\">\n\t\t\t\t\t\t\t\t\t\t\t\t\t\t\t\t<a href=\"https:\/\/danceteamroyal.com\/wp-content\/uploads\/2023\/07\/DSC_1253-min-scaled.jpg\" data-elementor-open-lightbox=\"yes\" data-elementor-lightbox-title=\"DSC_1253-min\" data-e-action-hash=\"#elementor-action%3Aaction%3Dlightbox%26settings%3DeyJpZCI6MTgzNiwidXJsIjoiaHR0cHM6XC9cL2RhbmNldGVhbXJveWFsLmNvbVwvd3AtY29udGVudFwvdXBsb2Fkc1wvMjAyM1wvMDdcL0RTQ18xMjUzLW1pbi1zY2FsZWQuanBnIn0%3D\">\n\t\t\t\t\t\t\t<img loading=\"lazy\" decoding=\"async\" width=\"200\" height=\"300\" src=\"https:\/\/danceteamroyal.com\/wp-content\/uploads\/2023\/07\/DSC_1253-min-200x300.jpg\" class=\"attachment-medium size-medium wp-image-1836\" alt=\"\" srcset=\"https:\/\/danceteamroyal.com\/wp-content\/uploads\/2023\/07\/DSC_1253-min-200x300.jpg 200w, https:\/\/danceteamroyal.com\/wp-content\/uploads\/2023\/07\/DSC_1253-min-681x1024.jpg 681w, https:\/\/danceteamroyal.com\/wp-content\/uploads\/2023\/07\/DSC_1253-min-768x1154.jpg 768w, https:\/\/danceteamroyal.com\/wp-content\/uploads\/2023\/07\/DSC_1253-min-1022x1536.jpg 1022w, https:\/\/danceteamroyal.com\/wp-content\/uploads\/2023\/07\/DSC_1253-min-1363x2048.jpg 1363w, https:\/\/danceteamroyal.com\/wp-content\/uploads\/2023\/07\/DSC_1253-min-scaled.jpg 1703w\" sizes=\"auto, (max-width: 200px) 100vw, 200px\" \/>\t\t\t\t\t\t\t\t<\/a>\n\t\t\t\t\t\t\t\t\t\t\t\t\t\t\t<\/div>\n\t\t\t\t<\/div>\n\t\t\t\t<div class=\"elementor-element elementor-element-aa3d619 elementor-widget elementor-widget-image\" data-id=\"aa3d619\" data-element_type=\"widget\" data-widget_type=\"image.default\">\n\t\t\t\t<div class=\"elementor-widget-container\">\n\t\t\t\t\t\t\t\t\t\t\t\t\t\t\t\t<a href=\"https:\/\/danceteamroyal.com\/wp-content\/uploads\/2023\/07\/DSC_1408-min-scaled.jpg\" data-elementor-open-lightbox=\"yes\" data-elementor-lightbox-title=\"DSC_1408-min\" data-e-action-hash=\"#elementor-action%3Aaction%3Dlightbox%26settings%3DeyJpZCI6MTgzNCwidXJsIjoiaHR0cHM6XC9cL2RhbmNldGVhbXJveWFsLmNvbVwvd3AtY29udGVudFwvdXBsb2Fkc1wvMjAyM1wvMDdcL0RTQ18xNDA4LW1pbi1zY2FsZWQuanBnIn0%3D\">\n\t\t\t\t\t\t\t<img loading=\"lazy\" decoding=\"async\" width=\"200\" height=\"300\" src=\"https:\/\/danceteamroyal.com\/wp-content\/uploads\/2023\/07\/DSC_1408-min-200x300.jpg\" class=\"attachment-medium size-medium wp-image-1834\" alt=\"\" srcset=\"https:\/\/danceteamroyal.com\/wp-content\/uploads\/2023\/07\/DSC_1408-min-200x300.jpg 200w, https:\/\/danceteamroyal.com\/wp-content\/uploads\/2023\/07\/DSC_1408-min-681x1024.jpg 681w, https:\/\/danceteamroyal.com\/wp-content\/uploads\/2023\/07\/DSC_1408-min-768x1154.jpg 768w, https:\/\/danceteamroyal.com\/wp-content\/uploads\/2023\/07\/DSC_1408-min-1022x1536.jpg 1022w, https:\/\/danceteamroyal.com\/wp-content\/uploads\/2023\/07\/DSC_1408-min-1363x2048.jpg 1363w, https:\/\/danceteamroyal.com\/wp-content\/uploads\/2023\/07\/DSC_1408-min-scaled.jpg 1703w\" sizes=\"auto, (max-width: 200px) 100vw, 200px\" \/>\t\t\t\t\t\t\t\t<\/a>\n\t\t\t\t\t\t\t\t\t\t\t\t\t\t\t<\/div>\n\t\t\t\t<\/div>\n\t\t\t\t<\/div>\n\t\t<div class=\"elementor-element elementor-element-3da0e6f6 e-con-full e-flex e-con\" data-id=\"3da0e6f6\" data-element_type=\"container\" data-settings=\"{&quot;content_width&quot;:&quot;full&quot;}\">\n\t\t<div class=\"elementor-element elementor-element-0f73a53 e-flex e-con-boxed e-con\" data-id=\"0f73a53\" data-element_type=\"container\" data-settings=\"{&quot;content_width&quot;:&quot;boxed&quot;}\">\n\t\t\t\t\t<div class=\"e-con-inner\">\n\t\t\t\t<div class=\"elementor-element elementor-element-60afbd8 elementor-widget elementor-widget-image\" data-id=\"60afbd8\" data-element_type=\"widget\" data-widget_type=\"image.default\">\n\t\t\t\t<div class=\"elementor-widget-container\">\n\t\t\t\t\t\t\t\t\t\t\t\t\t\t\t\t<a href=\"https:\/\/www.instagram.com\/anabelcoutureofficial\/\">\n\t\t\t\t\t\t\t<img loading=\"lazy\" decoding=\"async\" width=\"300\" height=\"79\" src=\"https:\/\/danceteamroyal.com\/wp-content\/uploads\/2023\/07\/logo2-300x79.jpg\" class=\"attachment-medium size-medium wp-image-1842\" alt=\"\" srcset=\"https:\/\/danceteamroyal.com\/wp-content\/uploads\/2023\/07\/logo2-300x79.jpg 300w, https:\/\/danceteamroyal.com\/wp-content\/uploads\/2023\/07\/logo2-1024x268.jpg 1024w, https:\/\/danceteamroyal.com\/wp-content\/uploads\/2023\/07\/logo2-768x201.jpg 768w, https:\/\/danceteamroyal.com\/wp-content\/uploads\/2023\/07\/logo2.jpg 1284w\" sizes=\"auto, (max-width: 300px) 100vw, 300px\" \/>\t\t\t\t\t\t\t\t<\/a>\n\t\t\t\t\t\t\t\t\t\t\t\t\t\t\t<\/div>\n\t\t\t\t<\/div>\n\t\t\t\t\t<\/div>\n\t\t\t\t<\/div>\n\t\t\t\t<div class=\"elementor-element elementor-element-7581d33b elementor-widget elementor-widget-text-editor\" data-id=\"7581d33b\" data-element_type=\"widget\" data-widget_type=\"text-editor.default\">\n\t\t\t\t<div class=\"elementor-widget-container\">\n\t\t\t<style>\/*! elementor - v3.14.0 - 26-06-2023 *\/\n.elementor-widget-text-editor.elementor-drop-cap-view-stacked .elementor-drop-cap{background-color:#69727d;color:#fff}.elementor-widget-text-editor.elementor-drop-cap-view-framed .elementor-drop-cap{color:#69727d;border:3px solid;background-color:transparent}.elementor-widget-text-editor:not(.elementor-drop-cap-view-default) .elementor-drop-cap{margin-top:8px}.elementor-widget-text-editor:not(.elementor-drop-cap-view-default) .elementor-drop-cap-letter{width:1em;height:1em}.elementor-widget-text-editor .elementor-drop-cap{float:left;text-align:center;line-height:1;font-size:50px}.elementor-widget-text-editor .elementor-drop-cap-letter{display:inline-block}<\/style>\t\t\t\t<p>\u00d5petaja Anabel \u00f5mbleb tantsijatele treening ning v\u00f5istlusriideid.<\/p><p>V\u00f5ta julgelt \u00fchendust anabelcouture@mail.ee v\u00f5i <a href=\"https:\/\/www.instagram.com\/anabelcoutureofficial\/\"><img loading=\"lazy\" decoding=\"async\" class=\"\" src=\"https:\/\/img.freepik.com\/premium-vector\/vinnytsia-ukraine-april-27-2023-popular-social-media-icon-instagram-vector-design_545793-1681.jpg?w=2000\" alt=\"Instagram Logo - Free Vectors &amp; PSDs to Download\" width=\"43\" height=\"43\" \/><\/a><\/p>\t\t\t\t\t\t<\/div>\n\t\t\t\t<\/div>\n\t\t\t\t<\/div>\n\t\t\t\t\t<\/div>\n\t\t\t\t<\/div>\n\t\t<div class=\"elementor-element elementor-element-5ff0479 e-flex e-con-boxed e-con\" data-id=\"5ff0479\" data-element_type=\"container\" data-settings=\"{&quot;content_width&quot;:&quot;boxed&quot;}\">\n\t\t\t\t\t<div class=\"e-con-inner\">\n\t\t<div class=\"elementor-element elementor-element-5dfbea1a e-con-full e-flex e-con\" data-id=\"5dfbea1a\" data-element_type=\"container\" data-settings=\"{&quot;content_width&quot;:&quot;full&quot;}\">\n\t\t\t\t<div class=\"elementor-element elementor-element-01b0dfe elementor-widget elementor-widget-image\" data-id=\"01b0dfe\" data-element_type=\"widget\" data-widget_type=\"image.default\">\n\t\t\t\t<div class=\"elementor-widget-container\">\n\t\t\t\t\t\t\t\t\t\t\t\t\t\t\t\t<a href=\"https:\/\/danceteamroyal.com\/wp-content\/uploads\/2023\/07\/DSC_7921-min-scaled.jpg\" data-elementor-open-lightbox=\"yes\" data-elementor-lightbox-title=\"DSC_7921-min\" data-e-action-hash=\"#elementor-action%3Aaction%3Dlightbox%26settings%3DeyJpZCI6MTg1NiwidXJsIjoiaHR0cHM6XC9cL2RhbmNldGVhbXJveWFsLmNvbVwvd3AtY29udGVudFwvdXBsb2Fkc1wvMjAyM1wvMDdcL0RTQ183OTIxLW1pbi1zY2FsZWQuanBnIn0%3D\">\n\t\t\t\t\t\t\t<img loading=\"lazy\" decoding=\"async\" width=\"200\" height=\"300\" src=\"https:\/\/danceteamroyal.com\/wp-content\/uploads\/2023\/07\/DSC_7921-min-200x300.jpg\" class=\"attachment-medium size-medium wp-image-1856\" alt=\"\" srcset=\"https:\/\/danceteamroyal.com\/wp-content\/uploads\/2023\/07\/DSC_7921-min-200x300.jpg 200w, https:\/\/danceteamroyal.com\/wp-content\/uploads\/2023\/07\/DSC_7921-min-681x1024.jpg 681w, https:\/\/danceteamroyal.com\/wp-content\/uploads\/2023\/07\/DSC_7921-min-768x1154.jpg 768w, https:\/\/danceteamroyal.com\/wp-content\/uploads\/2023\/07\/DSC_7921-min-1022x1536.jpg 1022w, https:\/\/danceteamroyal.com\/wp-content\/uploads\/2023\/07\/DSC_7921-min-1363x2048.jpg 1363w, https:\/\/danceteamroyal.com\/wp-content\/uploads\/2023\/07\/DSC_7921-min-scaled.jpg 1703w\" sizes=\"auto, (max-width: 200px) 100vw, 200px\" \/>\t\t\t\t\t\t\t\t<\/a>\n\t\t\t\t\t\t\t\t\t\t\t\t\t\t\t<\/div>\n\t\t\t\t<\/div>\n\t\t\t\t<div class=\"elementor-element elementor-element-f3e3a6e elementor-widget elementor-widget-image\" data-id=\"f3e3a6e\" data-element_type=\"widget\" data-widget_type=\"image.default\">\n\t\t\t\t<div class=\"elementor-widget-container\">\n\t\t\t\t\t\t\t\t\t\t\t\t\t\t\t\t<a href=\"https:\/\/danceteamroyal.com\/wp-content\/uploads\/2023\/07\/DSC_6954-min-scaled.jpg\" data-elementor-open-lightbox=\"yes\" data-elementor-lightbox-title=\"DSC_6954-min\" data-e-action-hash=\"#elementor-action%3Aaction%3Dlightbox%26settings%3DeyJpZCI6MTg1NCwidXJsIjoiaHR0cHM6XC9cL2RhbmNldGVhbXJveWFsLmNvbVwvd3AtY29udGVudFwvdXBsb2Fkc1wvMjAyM1wvMDdcL0RTQ182OTU0LW1pbi1zY2FsZWQuanBnIn0%3D\">\n\t\t\t\t\t\t\t<img loading=\"lazy\" decoding=\"async\" width=\"200\" height=\"300\" src=\"https:\/\/danceteamroyal.com\/wp-content\/uploads\/2023\/07\/DSC_6954-min-200x300.jpg\" class=\"attachment-medium size-medium wp-image-1854\" alt=\"\" srcset=\"https:\/\/danceteamroyal.com\/wp-content\/uploads\/2023\/07\/DSC_6954-min-200x300.jpg 200w, https:\/\/danceteamroyal.com\/wp-content\/uploads\/2023\/07\/DSC_6954-min-681x1024.jpg 681w, https:\/\/danceteamroyal.com\/wp-content\/uploads\/2023\/07\/DSC_6954-min-768x1154.jpg 768w, https:\/\/danceteamroyal.com\/wp-content\/uploads\/2023\/07\/DSC_6954-min-1022x1536.jpg 1022w, https:\/\/danceteamroyal.com\/wp-content\/uploads\/2023\/07\/DSC_6954-min-1363x2048.jpg 1363w, https:\/\/danceteamroyal.com\/wp-content\/uploads\/2023\/07\/DSC_6954-min-scaled.jpg 1703w\" sizes=\"auto, (max-width: 200px) 100vw, 200px\" \/>\t\t\t\t\t\t\t\t<\/a>\n\t\t\t\t\t\t\t\t\t\t\t\t\t\t\t<\/div>\n\t\t\t\t<\/div>\n\t\t\t\t<div class=\"elementor-element elementor-element-f4e0cc4 elementor-widget elementor-widget-image\" data-id=\"f4e0cc4\" data-element_type=\"widget\" data-widget_type=\"image.default\">\n\t\t\t\t<div class=\"elementor-widget-container\">\n\t\t\t\t\t\t\t\t\t\t\t\t\t\t\t\t<a href=\"https:\/\/danceteamroyal.com\/wp-content\/uploads\/2023\/08\/338215712_1943508019324545_9102875009547826433_n.jpg\" data-elementor-open-lightbox=\"yes\" data-elementor-lightbox-title=\"338215712_1943508019324545_9102875009547826433_n\" data-e-action-hash=\"#elementor-action%3Aaction%3Dlightbox%26settings%3DeyJpZCI6MTkzNSwidXJsIjoiaHR0cHM6XC9cL2RhbmNldGVhbXJveWFsLmNvbVwvd3AtY29udGVudFwvdXBsb2Fkc1wvMjAyM1wvMDhcLzMzODIxNTcxMl8xOTQzNTA4MDE5MzI0NTQ1XzkxMDI4NzUwMDk1NDc4MjY0MzNfbi5qcGcifQ%3D%3D\">\n\t\t\t\t\t\t\t<img loading=\"lazy\" decoding=\"async\" width=\"240\" height=\"300\" src=\"https:\/\/danceteamroyal.com\/wp-content\/uploads\/2023\/08\/338215712_1943508019324545_9102875009547826433_n-240x300.jpg\" class=\"attachment-medium size-medium wp-image-1935\" alt=\"\" srcset=\"https:\/\/danceteamroyal.com\/wp-content\/uploads\/2023\/08\/338215712_1943508019324545_9102875009547826433_n-240x300.jpg 240w, https:\/\/danceteamroyal.com\/wp-content\/uploads\/2023\/08\/338215712_1943508019324545_9102875009547826433_n-819x1024.jpg 819w, https:\/\/danceteamroyal.com\/wp-content\/uploads\/2023\/08\/338215712_1943508019324545_9102875009547826433_n-768x960.jpg 768w, https:\/\/danceteamroyal.com\/wp-content\/uploads\/2023\/08\/338215712_1943508019324545_9102875009547826433_n-1229x1536.jpg 1229w, https:\/\/danceteamroyal.com\/wp-content\/uploads\/2023\/08\/338215712_1943508019324545_9102875009547826433_n.jpg 1440w\" sizes=\"auto, (max-width: 240px) 100vw, 240px\" \/>\t\t\t\t\t\t\t\t<\/a>\n\t\t\t\t\t\t\t\t\t\t\t\t\t\t\t<\/div>\n\t\t\t\t<\/div>\n\t\t\t\t<\/div>\n\t\t<div class=\"elementor-element elementor-element-c05e3ce e-con-full e-flex e-con\" data-id=\"c05e3ce\" data-element_type=\"container\" data-settings=\"{&quot;content_width&quot;:&quot;full&quot;}\">\n\t\t\t\t<div class=\"elementor-element elementor-element-1261790 elementor-widget elementor-widget-image\" data-id=\"1261790\" data-element_type=\"widget\" data-widget_type=\"image.default\">\n\t\t\t\t<div class=\"elementor-widget-container\">\n\t\t\t\t\t\t\t\t\t\t\t\t\t\t\t\t<a href=\"https:\/\/danceteamroyal.com\/wp-content\/uploads\/2024\/08\/434051985_737476198575614_8205308497860372555_n.jpg\" data-elementor-open-lightbox=\"yes\" data-elementor-lightbox-title=\"434051985_737476198575614_8205308497860372555_n\" data-e-action-hash=\"#elementor-action%3Aaction%3Dlightbox%26settings%3DeyJpZCI6MjM4OCwidXJsIjoiaHR0cHM6XC9cL2RhbmNldGVhbXJveWFsLmNvbVwvd3AtY29udGVudFwvdXBsb2Fkc1wvMjAyNFwvMDhcLzQzNDA1MTk4NV83Mzc0NzYxOTg1NzU2MTRfODIwNTMwODQ5Nzg2MDM3MjU1NV9uLmpwZyJ9\">\n\t\t\t\t\t\t\t<img loading=\"lazy\" decoding=\"async\" width=\"2048\" height=\"1152\" src=\"https:\/\/danceteamroyal.com\/wp-content\/uploads\/2024\/08\/434051985_737476198575614_8205308497860372555_n.jpg\" class=\"attachment-full size-full wp-image-2388\" alt=\"\" srcset=\"https:\/\/danceteamroyal.com\/wp-content\/uploads\/2024\/08\/434051985_737476198575614_8205308497860372555_n.jpg 2048w, https:\/\/danceteamroyal.com\/wp-content\/uploads\/2024\/08\/434051985_737476198575614_8205308497860372555_n-300x169.jpg 300w, https:\/\/danceteamroyal.com\/wp-content\/uploads\/2024\/08\/434051985_737476198575614_8205308497860372555_n-1024x576.jpg 1024w, https:\/\/danceteamroyal.com\/wp-content\/uploads\/2024\/08\/434051985_737476198575614_8205308497860372555_n-768x432.jpg 768w, https:\/\/danceteamroyal.com\/wp-content\/uploads\/2024\/08\/434051985_737476198575614_8205308497860372555_n-1536x864.jpg 1536w\" sizes=\"auto, (max-width: 2048px) 100vw, 2048px\" \/>\t\t\t\t\t\t\t\t<\/a>\n\t\t\t\t\t\t\t\t\t\t\t\t\t\t\t<\/div>\n\t\t\t\t<\/div>\n\t\t\t\t<\/div>\n\t\t\t\t\t<\/div>\n\t\t\t\t<\/div>\n\t\t<div class=\"elementor-element elementor-element-64483d57 e-flex e-con-boxed e-con\" data-id=\"64483d57\" data-element_type=\"container\" data-settings=\"{&quot;background_background&quot;:&quot;classic&quot;,&quot;content_width&quot;:&quot;boxed&quot;}\">\n\t\t\t\t\t<div class=\"e-con-inner\">\n\t\t<div class=\"elementor-element elementor-element-624c87dc e-con-full e-flex e-con\" data-id=\"624c87dc\" data-element_type=\"container\" data-settings=\"{&quot;content_width&quot;:&quot;full&quot;}\">\n\t\t\t\t<div class=\"elementor-element elementor-element-19a168c9 elementor-widget elementor-widget-heading\" data-id=\"19a168c9\" data-element_type=\"widget\" data-widget_type=\"heading.default\">\n\t\t\t\t<div class=\"elementor-widget-container\">\n\t\t\t<h1 class=\"elementor-heading-title elementor-size-default\">Tantsimiseks valmis?<\/h1>\t\t<\/div>\n\t\t\t\t<\/div>\n\t\t\t\t<div class=\"elementor-element elementor-element-1d7dc4a5 elementor-widget elementor-widget-heading\" data-id=\"1d7dc4a5\" data-element_type=\"widget\" data-widget_type=\"heading.default\">\n\t\t\t\t<div class=\"elementor-widget-container\">\n\t\t\t<p class=\"elementor-heading-title elementor-size-default\">Oled algaja v\u00f5i kogenud tantsija - meie tantsuklubist leiad endale sobiva tantsugrupi\n\n<\/p>\t\t<\/div>\n\t\t\t\t<\/div>\n\t\t\t\t<div class=\"elementor-element elementor-element-5a0f7ed7 elementor-align-center elementor-widget elementor-widget-button\" data-id=\"5a0f7ed7\" data-element_type=\"widget\" data-widget_type=\"button.default\">\n\t\t\t\t<div class=\"elementor-widget-container\">\n\t\t\t\t\t<div class=\"elementor-button-wrapper\">\n\t\t\t<a class=\"elementor-button elementor-button-link elementor-size-sm\" href=\"https:\/\/danceteamroyal.com\/index.php\/kontakt\/\">\n\t\t\t\t\t\t<span class=\"elementor-button-content-wrapper\">\n\t\t\t\t\t\t<span class=\"elementor-button-text\">Registreeri<\/span>\n\t\t<\/span>\n\t\t\t\t\t<\/a>\n\t\t<\/div>\n\t\t\t\t<\/div>\n\t\t\t\t<\/div>\n\t\t\t\t<\/div>\n\t\t\t\t\t<\/div>\n\t\t\t\t<\/div>\n\t\t\t\t\t\t\t<\/div>\n\t\t","protected":false},"excerpt":{"rendered":"<p>Tehtud t\u00f6\u00f6d \u00d5petaja Anabel \u00f5mbleb tantsijatele treening ning v\u00f5istlusriideid. V\u00f5ta julgelt \u00fchendust anabelcouture@mail.ee v\u00f5i Tantsimiseks valmis? Oled algaja v\u00f5i kogenud tantsija &#8211; meie tantsuklubist leiad endale sobiva tantsugrupi Registreeri<\/p>\n","protected":false},"author":2,"featured_media":0,"parent":0,"menu_order":0,"comment_status":"closed","ping_status":"closed","template":"","meta":{"site-sidebar-layout":"no-sidebar","site-content-layout":"page-builder","ast-global-header-display":"","ast-banner-title-visibility":"","ast-main-header-display":"","ast-hfb-above-header-display":"","ast-hfb-below-header-display":"","ast-hfb-mobile-header-display":"","site-post-title":"disabled","ast-breadcrumbs-content":"","ast-featured-img":"disabled","footer-sml-layout":"","theme-transparent-header-meta":"enabled","adv-header-id-meta":"","stick-header-meta":"","header-above-stick-meta":"","header-main-stick-meta":"","header-below-stick-meta":"","footnotes":""},"class_list":["post-1776","page","type-page","status-publish","hentry"],"_links":{"self":[{"href":"https:\/\/danceteamroyal.com\/index.php\/wp-json\/wp\/v2\/pages\/1776","targetHints":{"allow":["GET"]}}],"collection":[{"href":"https:\/\/danceteamroyal.com\/index.php\/wp-json\/wp\/v2\/pages"}],"about":[{"href":"https:\/\/danceteamroyal.com\/index.php\/wp-json\/wp\/v2\/types\/page"}],"author":[{"embeddable":true,"href":"https:\/\/danceteamroyal.com\/index.php\/wp-json\/wp\/v2\/users\/2"}],"replies":[{"embeddable":true,"href":"https:\/\/danceteamroyal.com\/index.php\/wp-json\/wp\/v2\/comments?post=1776"}],"version-history":[{"count":85,"href":"https:\/\/danceteamroyal.com\/index.php\/wp-json\/wp\/v2\/pages\/1776\/revisions"}],"predecessor-version":[{"id":2534,"href":"https:\/\/danceteamroyal.com\/index.php\/wp-json\/wp\/v2\/pages\/1776\/revisions\/2534"}],"wp:attachment":[{"href":"https:\/\/danceteamroyal.com\/index.php\/wp-json\/wp\/v2\/media?parent=1776"}],"curies":[{"name":"wp","href":"https:\/\/api.w.org\/{rel}","templated":true}]}}